{"id":16,"date":"2026-01-26T14:57:49","date_gmt":"2026-01-26T14:57:49","guid":{"rendered":"https:\/\/talleresoskar.rkinformatika.online\/?page_id=16"},"modified":"2026-01-29T09:32:11","modified_gmt":"2026-01-29T09:32:11","slug":"servicios","status":"publish","type":"page","link":"https:\/\/talleresoskar.eu\/eu\/servicios\/","title":{"rendered":"Zerbitzuak"},"content":{"rendered":"<div data-elementor-type=\"wp-page\" data-elementor-id=\"16\" class=\"elementor elementor-16\" data-elementor-post-type=\"page\">\n\t\t\t\t<div class=\"elementor-element elementor-element-f34e0bf e-flex e-con-boxed e-con e-parent\" data-id=\"f34e0bf\" data-element_type=\"container\" data-e-type=\"container\" data-settings=\"{&quot;background_background&quot;:&quot;classic&quot;}\">\n\t\t\t\t\t<div class=\"e-con-inner\">\n\t\t\t\t<div class=\"elementor-element elementor-element-386156e elementor-widget elementor-widget-spacer\" data-id=\"386156e\" data-element_type=\"widget\" data-e-type=\"widget\" data-widget_type=\"spacer.default\">\n\t\t\t\t\t\t\t<div class=\"elementor-spacer\">\n\t\t\t<div class=\"elementor-spacer-inner\"><\/div>\n\t\t<\/div>\n\t\t\t\t\t\t<\/div>\n\t\t\t\t\t<\/div>\n\t\t\t\t<\/div>\n\t\t<div class=\"elementor-element elementor-element-1086166 e-flex e-con-boxed e-con e-parent\" data-id=\"1086166\" data-element_type=\"container\" data-e-type=\"container\" id=\"reparacion\">\n\t\t\t\t\t<div class=\"e-con-inner\">\n\t\t\t\t\t<\/div>\n\t\t\t\t<\/div>\n\t\t<div class=\"elementor-element elementor-element-f30b0bb e-flex e-con-boxed e-con e-parent\" data-id=\"f30b0bb\" data-element_type=\"container\" data-e-type=\"container\">\n\t\t\t\t\t<div class=\"e-con-inner\">\n\t\t<div class=\"elementor-element elementor-element-558fa5c e-con-full e-flex e-con e-child\" data-id=\"558fa5c\" data-element_type=\"container\" data-e-type=\"container\" data-settings=\"{&quot;background_background&quot;:&quot;classic&quot;}\">\n\t\t\t\t<div class=\"elementor-element elementor-element-0e69d00 elementor-widget elementor-widget-spacer\" data-id=\"0e69d00\" data-element_type=\"widget\" data-e-type=\"widget\" data-widget_type=\"spacer.default\">\n\t\t\t\t\t\t\t<div class=\"elementor-spacer\">\n\t\t\t<div class=\"elementor-spacer-inner\"><\/div>\n\t\t<\/div>\n\t\t\t\t\t\t<\/div>\n\t\t\t\t<\/div>\n\t\t<div class=\"elementor-element elementor-element-e0f6c88 e-con-full e-flex e-con e-child\" data-id=\"e0f6c88\" data-element_type=\"container\" data-e-type=\"container\">\n\t\t\t\t<div class=\"elementor-element elementor-element-1307016 elementor-widget elementor-widget-heading\" data-id=\"1307016\" data-element_type=\"widget\" data-e-type=\"widget\" data-widget_type=\"heading.default\">\n\t\t\t\t\t<h2 class=\"elementor-heading-title elementor-size-default\">SERVICIOS DE REPARACION<\/h2>\t\t\t\t<\/div>\n\t\t\t\t<div class=\"elementor-element elementor-element-37a79bd elementor-icon-list--layout-traditional elementor-list-item-link-full_width elementor-widget elementor-widget-icon-list\" data-id=\"37a79bd\" data-element_type=\"widget\" data-e-type=\"widget\" data-widget_type=\"icon-list.default\">\n\t\t\t\t\t\t\t<ul class=\"elementor-icon-list-items\">\n\t\t\t\t\t\t\t<li class=\"elementor-icon-list-item\">\n\t\t\t\t\t\t\t\t\t\t\t<span class=\"elementor-icon-list-icon\">\n\t\t\t\t\t\t\t<svg aria-hidden=\"true\" class=\"e-font-icon-svg e-fas-dot-circle\" viewbox=\"0 0 512 512\" xmlns=\"http:\/\/www.w3.org\/2000\/svg\"><path d=\"M256 8C119.033 8 8 119.033 8 256s111.033 248 248 248 248-111.033 248-248S392.967 8 256 8zm80 248c0 44.112-35.888 80-80 80s-80-35.888-80-80 35.888-80 80-80 80 35.888 80 80z\"><\/path><\/svg>\t\t\t\t\t\t<\/span>\n\t\t\t\t\t\t\t\t\t\t<span class=\"elementor-icon-list-text\">Torno convencional: Ajuste de gu\u00edas, reparaci\u00f3n de cabezales, cajas de avances y sustituci\u00f3n de husillos.<\/span>\n\t\t\t\t\t\t\t\t\t<\/li>\n\t\t\t\t\t\t\t\t<li class=\"elementor-icon-list-item\">\n\t\t\t\t\t\t\t\t\t\t\t<span class=\"elementor-icon-list-icon\">\n\t\t\t\t\t\t\t<svg aria-hidden=\"true\" class=\"e-font-icon-svg e-fas-dot-circle\" viewbox=\"0 0 512 512\" xmlns=\"http:\/\/www.w3.org\/2000\/svg\"><path d=\"M256 8C119.033 8 8 119.033 8 256s111.033 248 248 248 248-111.033 248-248S392.967 8 256 8zm80 248c0 44.112-35.888 80-80 80s-80-35.888-80-80 35.888-80 80-80 80 35.888 80 80z\"><\/path><\/svg>\t\t\t\t\t\t<\/span>\n\t\t\t\t\t\t\t\t\t\t<span class=\"elementor-icon-list-text\">Taladros de Columna y Radiales: Reparaci\u00f3n de sistemas de embrague, cambio de engranajes y mantenimiento preventivo.<\/span>\n\t\t\t\t\t\t\t\t\t<\/li>\n\t\t\t\t\t\t\t\t<li class=\"elementor-icon-list-item\">\n\t\t\t\t\t\t\t\t\t\t\t<span class=\"elementor-icon-list-icon\">\n\t\t\t\t\t\t\t<svg aria-hidden=\"true\" class=\"e-font-icon-svg e-fas-dot-circle\" viewbox=\"0 0 512 512\" xmlns=\"http:\/\/www.w3.org\/2000\/svg\"><path d=\"M256 8C119.033 8 8 119.033 8 256s111.033 248 248 248 248-111.033 248-248S392.967 8 256 8zm80 248c0 44.112-35.888 80-80 80s-80-35.888-80-80 35.888-80 80-80 80 35.888 80 80z\"><\/path><\/svg>\t\t\t\t\t\t<\/span>\n\t\t\t\t\t\t\t\t\t\t<span class=\"elementor-icon-list-text\">Rectificadoras y Mandrinadoras: Rectificado de bancadas y ajuste de carros para asegurar tolerancias m\u00ednimas.<\/span>\n\t\t\t\t\t\t\t\t\t<\/li>\n\t\t\t\t\t\t\t\t<li class=\"elementor-icon-list-item\">\n\t\t\t\t\t\t\t\t\t\t\t<span class=\"elementor-icon-list-icon\">\n\t\t\t\t\t\t\t<svg aria-hidden=\"true\" class=\"e-font-icon-svg e-fas-dot-circle\" viewbox=\"0 0 512 512\" xmlns=\"http:\/\/www.w3.org\/2000\/svg\"><path d=\"M256 8C119.033 8 8 119.033 8 256s111.033 248 248 248 248-111.033 248-248S392.967 8 256 8zm80 248c0 44.112-35.888 80-80 80s-80-35.888-80-80 35.888-80 80-80 80 35.888 80 80z\"><\/path><\/svg>\t\t\t\t\t\t<\/span>\n\t\t\t\t\t\t\t\t\t\t<span class=\"elementor-icon-list-text\">Sistemas Hidr\u00e1ulicos y Neum\u00e1ticos: Diagn\u00f3stico y reparaci\u00f3n de fugas, bombas y v\u00e1lvulas.<\/span>\n\t\t\t\t\t\t\t\t\t<\/li>\n\t\t\t\t\t\t<\/ul>\n\t\t\t\t\t\t<\/div>\n\t\t\t\t<\/div>\n\t\t\t\t\t<\/div>\n\t\t\t\t<\/div>\n\t\t<div class=\"elementor-element elementor-element-04fd70d e-flex e-con-boxed e-con e-parent\" data-id=\"04fd70d\" data-element_type=\"container\" data-e-type=\"container\" id=\"mantenimiento-preventivo\">\n\t\t\t\t\t<div class=\"e-con-inner\">\n\t\t\t\t\t<\/div>\n\t\t\t\t<\/div>\n\t\t<div class=\"elementor-element elementor-element-9398966 e-flex e-con-boxed e-con e-parent\" data-id=\"9398966\" data-element_type=\"container\" data-e-type=\"container\">\n\t\t\t\t\t<div class=\"e-con-inner\">\n\t\t<div class=\"elementor-element elementor-element-d8a6cce e-con-full e-flex e-con e-child\" data-id=\"d8a6cce\" data-element_type=\"container\" data-e-type=\"container\" data-settings=\"{&quot;background_background&quot;:&quot;classic&quot;}\">\n\t\t\t\t<div class=\"elementor-element elementor-element-1c9f8ea elementor-widget elementor-widget-spacer\" data-id=\"1c9f8ea\" data-element_type=\"widget\" data-e-type=\"widget\" data-widget_type=\"spacer.default\">\n\t\t\t\t\t\t\t<div class=\"elementor-spacer\">\n\t\t\t<div class=\"elementor-spacer-inner\"><\/div>\n\t\t<\/div>\n\t\t\t\t\t\t<\/div>\n\t\t\t\t<\/div>\n\t\t<div class=\"elementor-element elementor-element-b77d7ae e-con-full e-flex e-con e-child\" data-id=\"b77d7ae\" data-element_type=\"container\" data-e-type=\"container\">\n\t\t\t\t<div class=\"elementor-element elementor-element-f8f900a elementor-widget elementor-widget-heading\" data-id=\"f8f900a\" data-element_type=\"widget\" data-e-type=\"widget\" data-widget_type=\"heading.default\">\n\t\t\t\t\t<h2 class=\"elementor-heading-title elementor-size-default\">SERVICIOS DE MANTENIMIENTO PREVENTIVO<\/h2>\t\t\t\t<\/div>\n\t\t\t\t<div class=\"elementor-element elementor-element-5a343e4 elementor-widget elementor-widget-text-editor\" data-id=\"5a343e4\" data-element_type=\"widget\" data-e-type=\"widget\" data-widget_type=\"text-editor.default\">\n\t\t\t\t\t\t\t\t\t<p>Evite aver\u00edas costosas antes de que ocurran. Dise\u00f1amos planes de mantenimiento personalizados que incluyen entre otros trabajos, lubricaci\u00f3n, verificaci\u00f3n de niveles, ajuste de holguras y limpieza t\u00e9cnica profunda.<\/p>\t\t\t\t\t\t\t\t<\/div>\n\t\t\t\t<\/div>\n\t\t\t\t\t<\/div>\n\t\t\t\t<\/div>\n\t\t<div class=\"elementor-element elementor-element-c40cbc9 e-flex e-con-boxed e-con e-parent\" data-id=\"c40cbc9\" data-element_type=\"container\" data-e-type=\"container\" id=\"adecuacion\">\n\t\t\t\t\t<div class=\"e-con-inner\">\n\t\t\t\t\t<\/div>\n\t\t\t\t<\/div>\n\t\t<div class=\"elementor-element elementor-element-e0136cf e-flex e-con-boxed e-con e-parent\" data-id=\"e0136cf\" data-element_type=\"container\" data-e-type=\"container\">\n\t\t\t\t\t<div class=\"e-con-inner\">\n\t\t<div class=\"elementor-element elementor-element-690837c e-con-full e-flex e-con e-child\" data-id=\"690837c\" data-element_type=\"container\" data-e-type=\"container\" data-settings=\"{&quot;background_background&quot;:&quot;classic&quot;}\">\n\t\t\t\t<div class=\"elementor-element elementor-element-1746e73 elementor-widget elementor-widget-spacer\" data-id=\"1746e73\" data-element_type=\"widget\" data-e-type=\"widget\" data-widget_type=\"spacer.default\">\n\t\t\t\t\t\t\t<div class=\"elementor-spacer\">\n\t\t\t<div class=\"elementor-spacer-inner\"><\/div>\n\t\t<\/div>\n\t\t\t\t\t\t<\/div>\n\t\t\t\t<\/div>\n\t\t<div class=\"elementor-element elementor-element-5a295c4 e-con-full e-flex e-con e-child\" data-id=\"5a295c4\" data-element_type=\"container\" data-e-type=\"container\">\n\t\t\t\t<div class=\"elementor-element elementor-element-45de081 elementor-widget elementor-widget-heading\" data-id=\"45de081\" data-element_type=\"widget\" data-e-type=\"widget\" data-widget_type=\"heading.default\">\n\t\t\t\t\t<h2 class=\"elementor-heading-title elementor-size-default\">SERVICIOS DE ADECUACION AL R.D. 1215\/97<\/h2>\t\t\t\t<\/div>\n\t\t\t\t<div class=\"elementor-element elementor-element-73fdf74 elementor-widget elementor-widget-text-editor\" data-id=\"73fdf74\" data-element_type=\"widget\" data-e-type=\"widget\" data-widget_type=\"text-editor.default\">\n\t\t\t\t\t\t\t\t\t<p>Identificamos puntos cr\u00edticos como falta de resguardos, ausencia de paradas de emergencia o sistemas de transmisi\u00f3n expuestos.<\/p><p>Implementaci\u00f3n de medidas correctoras:<\/p>\t\t\t\t\t\t\t\t<\/div>\n\t\t\t\t<div class=\"elementor-element elementor-element-0026903 elementor-icon-list--layout-traditional elementor-list-item-link-full_width elementor-widget elementor-widget-icon-list\" data-id=\"0026903\" data-element_type=\"widget\" data-e-type=\"widget\" data-widget_type=\"icon-list.default\">\n\t\t\t\t\t\t\t<ul class=\"elementor-icon-list-items\">\n\t\t\t\t\t\t\t<li class=\"elementor-icon-list-item\">\n\t\t\t\t\t\t\t\t\t\t\t<span class=\"elementor-icon-list-icon\">\n\t\t\t\t\t\t\t<svg aria-hidden=\"true\" class=\"e-font-icon-svg e-fas-dot-circle\" viewbox=\"0 0 512 512\" xmlns=\"http:\/\/www.w3.org\/2000\/svg\"><path d=\"M256 8C119.033 8 8 119.033 8 256s111.033 248 248 248 248-111.033 248-248S392.967 8 256 8zm80 248c0 44.112-35.888 80-80 80s-80-35.888-80-80 35.888-80 80-80 80 35.888 80 80z\"><\/path><\/svg>\t\t\t\t\t\t<\/span>\n\t\t\t\t\t\t\t\t\t\t<span class=\"elementor-icon-list-text\">Seguridad Mec\u00e1nica: Instalaci\u00f3n de carenados, protecciones m\u00f3viles con enclavamiento y barreras f\u00edsicas de fabricaci\u00f3n nacional.<\/span>\n\t\t\t\t\t\t\t\t\t<\/li>\n\t\t\t\t\t\t\t\t<li class=\"elementor-icon-list-item\">\n\t\t\t\t\t\t\t\t\t\t\t<span class=\"elementor-icon-list-icon\">\n\t\t\t\t\t\t\t<svg aria-hidden=\"true\" class=\"e-font-icon-svg e-fas-dot-circle\" viewbox=\"0 0 512 512\" xmlns=\"http:\/\/www.w3.org\/2000\/svg\"><path d=\"M256 8C119.033 8 8 119.033 8 256s111.033 248 248 248 248-111.033 248-248S392.967 8 256 8zm80 248c0 44.112-35.888 80-80 80s-80-35.888-80-80 35.888-80 80-80 80 35.888 80 80z\"><\/path><\/svg>\t\t\t\t\t\t<\/span>\n\t\t\t\t\t\t\t\t\t\t<span class=\"elementor-icon-list-text\">Seguridad El\u00e9ctrica: Instalaci\u00f3n de equipos el\u00e9ctricos que cumplen el R.D.<\/span>\n\t\t\t\t\t\t\t\t\t<\/li>\n\t\t\t\t\t\t\t\t<li class=\"elementor-icon-list-item\">\n\t\t\t\t\t\t\t\t\t\t\t<span class=\"elementor-icon-list-icon\">\n\t\t\t\t\t\t\t<svg aria-hidden=\"true\" class=\"e-font-icon-svg e-fas-dot-circle\" viewbox=\"0 0 512 512\" xmlns=\"http:\/\/www.w3.org\/2000\/svg\"><path d=\"M256 8C119.033 8 8 119.033 8 256s111.033 248 248 248 248-111.033 248-248S392.967 8 256 8zm80 248c0 44.112-35.888 80-80 80s-80-35.888-80-80 35.888-80 80-80 80 35.888 80 80z\"><\/path><\/svg>\t\t\t\t\t\t<\/span>\n\t\t\t\t\t\t\t\t\t\t<span class=\"elementor-icon-list-text\">Se\u00f1alizaci\u00f3n y Ergonom\u00eda: Colocaci\u00f3n de avisos de peligro y mejora de los \u00f3rganos de accionamiento.<\/span>\n\t\t\t\t\t\t\t\t\t<\/li>\n\t\t\t\t\t\t<\/ul>\n\t\t\t\t\t\t<\/div>\n\t\t\t\t<div class=\"elementor-element elementor-element-ab50b46 elementor-widget elementor-widget-text-editor\" data-id=\"ab50b46\" data-element_type=\"widget\" data-e-type=\"widget\" data-widget_type=\"text-editor.default\">\n\t\t\t\t\t\t\t\t\t<p>Certificaci\u00f3n Final: Posibilidad de emitir el acta de conformidad y la certificaci\u00f3n t\u00e9cnica que acredita que la m\u00e1quina cumple con la normativa vigente.<\/p>\t\t\t\t\t\t\t\t<\/div>\n\t\t\t\t<\/div>\n\t\t\t\t\t<\/div>\n\t\t\t\t<\/div>\n\t\t<div class=\"elementor-element elementor-element-4df8afc e-flex e-con-boxed e-con e-parent\" data-id=\"4df8afc\" data-element_type=\"container\" data-e-type=\"container\" id=\"reconstruccion-maquina\">\n\t\t\t\t\t<div class=\"e-con-inner\">\n\t\t\t\t\t<\/div>\n\t\t\t\t<\/div>\n\t\t<div class=\"elementor-element elementor-element-942eaf3 e-flex e-con-boxed e-con e-parent\" data-id=\"942eaf3\" data-element_type=\"container\" data-e-type=\"container\">\n\t\t\t\t\t<div class=\"e-con-inner\">\n\t\t<div class=\"elementor-element elementor-element-797051d e-con-full e-flex e-con e-child\" data-id=\"797051d\" data-element_type=\"container\" data-e-type=\"container\" data-settings=\"{&quot;background_background&quot;:&quot;classic&quot;}\">\n\t\t\t\t<div class=\"elementor-element elementor-element-6a2b210 elementor-widget elementor-widget-spacer\" data-id=\"6a2b210\" data-element_type=\"widget\" data-e-type=\"widget\" data-widget_type=\"spacer.default\">\n\t\t\t\t\t\t\t<div class=\"elementor-spacer\">\n\t\t\t<div class=\"elementor-spacer-inner\"><\/div>\n\t\t<\/div>\n\t\t\t\t\t\t<\/div>\n\t\t\t\t<\/div>\n\t\t<div class=\"elementor-element elementor-element-3987905 e-con-full e-flex e-con e-child\" data-id=\"3987905\" data-element_type=\"container\" data-e-type=\"container\">\n\t\t\t\t<div class=\"elementor-element elementor-element-ba37f1d elementor-widget elementor-widget-heading\" data-id=\"ba37f1d\" data-element_type=\"widget\" data-e-type=\"widget\" data-widget_type=\"heading.default\">\n\t\t\t\t\t<h2 class=\"elementor-heading-title elementor-size-default\">SERVICIOS DE RECONSTRUCCION DE MAQUINA HERRAMIENTA DE ARRANQUE DE VIRUTA<\/h2>\t\t\t\t<\/div>\n\t\t\t\t<div class=\"elementor-element elementor-element-f4efb36 elementor-icon-list--layout-traditional elementor-list-item-link-full_width elementor-widget elementor-widget-icon-list\" data-id=\"f4efb36\" data-element_type=\"widget\" data-e-type=\"widget\" data-widget_type=\"icon-list.default\">\n\t\t\t\t\t\t\t<ul class=\"elementor-icon-list-items\">\n\t\t\t\t\t\t\t<li class=\"elementor-icon-list-item\">\n\t\t\t\t\t\t\t\t\t\t\t<span class=\"elementor-icon-list-icon\">\n\t\t\t\t\t\t\t<svg aria-hidden=\"true\" class=\"e-font-icon-svg e-fas-dot-circle\" viewbox=\"0 0 512 512\" xmlns=\"http:\/\/www.w3.org\/2000\/svg\"><path d=\"M256 8C119.033 8 8 119.033 8 256s111.033 248 248 248 248-111.033 248-248S392.967 8 256 8zm80 248c0 44.112-35.888 80-80 80s-80-35.888-80-80 35.888-80 80-80 80 35.888 80 80z\"><\/path><\/svg>\t\t\t\t\t\t<\/span>\n\t\t\t\t\t\t\t\t\t\t<span class=\"elementor-icon-list-text\">Limpieza e inspecci\u00f3n de cada componente para evaluar el desgaste<\/span>\n\t\t\t\t\t\t\t\t\t<\/li>\n\t\t\t\t\t\t\t\t<li class=\"elementor-icon-list-item\">\n\t\t\t\t\t\t\t\t\t\t\t<span class=\"elementor-icon-list-icon\">\n\t\t\t\t\t\t\t<svg aria-hidden=\"true\" class=\"e-font-icon-svg e-fas-dot-circle\" viewbox=\"0 0 512 512\" xmlns=\"http:\/\/www.w3.org\/2000\/svg\"><path d=\"M256 8C119.033 8 8 119.033 8 256s111.033 248 248 248 248-111.033 248-248S392.967 8 256 8zm80 248c0 44.112-35.888 80-80 80s-80-35.888-80-80 35.888-80 80-80 80 35.888 80 80z\"><\/path><\/svg>\t\t\t\t\t\t<\/span>\n\t\t\t\t\t\t\t\t\t\t<span class=\"elementor-icon-list-text\">Sustituci\u00f3n de elementos cr\u00edticos<\/span>\n\t\t\t\t\t\t\t\t\t<\/li>\n\t\t\t\t\t\t\t\t<li class=\"elementor-icon-list-item\">\n\t\t\t\t\t\t\t\t\t\t\t<span class=\"elementor-icon-list-icon\">\n\t\t\t\t\t\t\t<svg aria-hidden=\"true\" class=\"e-font-icon-svg e-fas-dot-circle\" viewbox=\"0 0 512 512\" xmlns=\"http:\/\/www.w3.org\/2000\/svg\"><path d=\"M256 8C119.033 8 8 119.033 8 256s111.033 248 248 248 248-111.033 248-248S392.967 8 256 8zm80 248c0 44.112-35.888 80-80 80s-80-35.888-80-80 35.888-80 80-80 80 35.888 80 80z\"><\/path><\/svg>\t\t\t\t\t\t<\/span>\n\t\t\t\t\t\t\t\t\t\t<span class=\"elementor-icon-list-text\">Modernizaci\u00f3n el\u00e9ctrica<\/span>\n\t\t\t\t\t\t\t\t\t<\/li>\n\t\t\t\t\t\t\t\t<li class=\"elementor-icon-list-item\">\n\t\t\t\t\t\t\t\t\t\t\t<span class=\"elementor-icon-list-icon\">\n\t\t\t\t\t\t\t<svg aria-hidden=\"true\" class=\"e-font-icon-svg e-fas-dot-circle\" viewbox=\"0 0 512 512\" xmlns=\"http:\/\/www.w3.org\/2000\/svg\"><path d=\"M256 8C119.033 8 8 119.033 8 256s111.033 248 248 248 248-111.033 248-248S392.967 8 256 8zm80 248c0 44.112-35.888 80-80 80s-80-35.888-80-80 35.888-80 80-80 80 35.888 80 80z\"><\/path><\/svg>\t\t\t\t\t\t<\/span>\n\t\t\t\t\t\t\t\t\t\t<span class=\"elementor-icon-list-text\">Verificaci\u00f3n final para asegurar un rendimiento \u00f3ptimo de la m\u00e1quina reconstruida.<\/span>\n\t\t\t\t\t\t\t\t\t<\/li>\n\t\t\t\t\t\t<\/ul>\n\t\t\t\t\t\t<\/div>\n\t\t\t\t<\/div>\n\t\t\t\t\t<\/div>\n\t\t\t\t<\/div>\n\t\t\t\t<\/div>","protected":false},"excerpt":{"rendered":"<p>SERVICIOS DE REPARACION Torno convencional: Ajuste de gu\u00edas, reparaci\u00f3n de cabezales, cajas de avances y sustituci\u00f3n de husillos. Taladros de Columna y Radiales: Reparaci\u00f3n de sistemas de embrague, cambio de engranajes y mantenimiento preventivo. Rectificadoras y Mandrinadoras: Rectificado de bancadas y ajuste de carros para asegurar tolerancias m\u00ednimas. Sistemas Hidr\u00e1ulicos y Neum\u00e1ticos: Diagn\u00f3stico y reparaci\u00f3n [&hellip;]<\/p>\n","protected":false},"author":1,"featured_media":0,"parent":0,"menu_order":0,"comment_status":"closed","ping_status":"closed","template":"elementor_canvas","meta":{"footnotes":""},"class_list":["post-16","page","type-page","status-publish","hentry"],"yoast_head":"<!-- This site is optimized with the Yoast SEO plugin v27.3 - https:\/\/yoast.com\/product\/yoast-seo-wordpress\/ -->\n<title>Servicios - TALLERES DE MANTENIMIENTO OSKAR, S.L.U.<\/title>\n<meta name=\"robots\" content=\"index, follow, max-snippet:-1, max-image-preview:large, max-video-preview:-1\" \/>\n<link rel=\"canonical\" href=\"https:\/\/talleresoskar.eu\/eu\/servicios\/\" \/>\n<meta property=\"og:locale\" content=\"en_US\" \/>\n<meta property=\"og:type\" content=\"article\" \/>\n<meta property=\"og:title\" content=\"Servicios - TALLERES DE MANTENIMIENTO OSKAR, S.L.U.\" \/>\n<meta property=\"og:description\" content=\"SERVICIOS DE REPARACION Torno convencional: Ajuste de gu\u00edas, reparaci\u00f3n de cabezales, cajas de avances y sustituci\u00f3n de husillos. Taladros de Columna y Radiales: Reparaci\u00f3n de sistemas de embrague, cambio de engranajes y mantenimiento preventivo. Rectificadoras y Mandrinadoras: Rectificado de bancadas y ajuste de carros para asegurar tolerancias m\u00ednimas. Sistemas Hidr\u00e1ulicos y Neum\u00e1ticos: Diagn\u00f3stico y reparaci\u00f3n [&hellip;]\" \/>\n<meta property=\"og:url\" content=\"https:\/\/talleresoskar.eu\/eu\/servicios\/\" \/>\n<meta property=\"og:site_name\" content=\"TALLERES DE MANTENIMIENTO OSKAR, S.L.U.\" \/>\n<meta property=\"article:modified_time\" content=\"2026-01-29T09:32:11+00:00\" \/>\n<meta name=\"twitter:card\" content=\"summary_large_image\" \/>\n<meta name=\"twitter:label1\" content=\"Est. reading time\" \/>\n\t<meta name=\"twitter:data1\" content=\"2 minutua\" \/>\n<script type=\"application\/ld+json\" class=\"yoast-schema-graph\">{\"@context\":\"https:\\\/\\\/schema.org\",\"@graph\":[{\"@type\":\"WebPage\",\"@id\":\"https:\\\/\\\/talleresoskar.eu\\\/servicios\\\/\",\"url\":\"https:\\\/\\\/talleresoskar.eu\\\/servicios\\\/\",\"name\":\"Servicios - TALLERES DE MANTENIMIENTO OSKAR, S.L.U.\",\"isPartOf\":{\"@id\":\"https:\\\/\\\/talleresoskar.eu\\\/#website\"},\"datePublished\":\"2026-01-26T14:57:49+00:00\",\"dateModified\":\"2026-01-29T09:32:11+00:00\",\"breadcrumb\":{\"@id\":\"https:\\\/\\\/talleresoskar.eu\\\/servicios\\\/#breadcrumb\"},\"inLanguage\":\"eu\",\"potentialAction\":[{\"@type\":\"ReadAction\",\"target\":[\"https:\\\/\\\/talleresoskar.eu\\\/servicios\\\/\"]}]},{\"@type\":\"BreadcrumbList\",\"@id\":\"https:\\\/\\\/talleresoskar.eu\\\/servicios\\\/#breadcrumb\",\"itemListElement\":[{\"@type\":\"ListItem\",\"position\":1,\"name\":\"Portada\",\"item\":\"https:\\\/\\\/talleresoskar.eu\\\/\"},{\"@type\":\"ListItem\",\"position\":2,\"name\":\"Servicios\"}]},{\"@type\":\"WebSite\",\"@id\":\"https:\\\/\\\/talleresoskar.eu\\\/#website\",\"url\":\"https:\\\/\\\/talleresoskar.eu\\\/\",\"name\":\"TALLERES DE MANTENIMIENTO OSKAR, S.L.U.\",\"description\":\"\",\"publisher\":{\"@id\":\"https:\\\/\\\/talleresoskar.eu\\\/#organization\"},\"potentialAction\":[{\"@type\":\"SearchAction\",\"target\":{\"@type\":\"EntryPoint\",\"urlTemplate\":\"https:\\\/\\\/talleresoskar.eu\\\/?s={search_term_string}\"},\"query-input\":{\"@type\":\"PropertyValueSpecification\",\"valueRequired\":true,\"valueName\":\"search_term_string\"}}],\"inLanguage\":\"eu\"},{\"@type\":\"Organization\",\"@id\":\"https:\\\/\\\/talleresoskar.eu\\\/#organization\",\"name\":\"TALLERES DE MANTENIMIENTO OSKAR, S.L.U.\",\"url\":\"https:\\\/\\\/talleresoskar.eu\\\/\",\"logo\":{\"@type\":\"ImageObject\",\"inLanguage\":\"eu\",\"@id\":\"https:\\\/\\\/talleresoskar.eu\\\/#\\\/schema\\\/logo\\\/image\\\/\",\"url\":\"https:\\\/\\\/talleresoskar.eu\\\/wp-content\\\/uploads\\\/2026\\\/01\\\/cropped-1-e1769439793537.png\",\"contentUrl\":\"https:\\\/\\\/talleresoskar.eu\\\/wp-content\\\/uploads\\\/2026\\\/01\\\/cropped-1-e1769439793537.png\",\"width\":500,\"height\":212,\"caption\":\"TALLERES DE MANTENIMIENTO OSKAR, S.L.U.\"},\"image\":{\"@id\":\"https:\\\/\\\/talleresoskar.eu\\\/#\\\/schema\\\/logo\\\/image\\\/\"}}]}<\/script>\n<!-- \/ Yoast SEO plugin. -->","yoast_head_json":{"title":"Servicios - TALLERES DE MANTENIMIENTO OSKAR, S.L.U.","robots":{"index":"index","follow":"follow","max-snippet":"max-snippet:-1","max-image-preview":"max-image-preview:large","max-video-preview":"max-video-preview:-1"},"canonical":"https:\/\/talleresoskar.eu\/eu\/servicios\/","og_locale":"en_US","og_type":"article","og_title":"Servicios - TALLERES DE MANTENIMIENTO OSKAR, S.L.U.","og_description":"SERVICIOS DE REPARACION Torno convencional: Ajuste de gu\u00edas, reparaci\u00f3n de cabezales, cajas de avances y sustituci\u00f3n de husillos. Taladros de Columna y Radiales: Reparaci\u00f3n de sistemas de embrague, cambio de engranajes y mantenimiento preventivo. Rectificadoras y Mandrinadoras: Rectificado de bancadas y ajuste de carros para asegurar tolerancias m\u00ednimas. Sistemas Hidr\u00e1ulicos y Neum\u00e1ticos: Diagn\u00f3stico y reparaci\u00f3n [&hellip;]","og_url":"https:\/\/talleresoskar.eu\/eu\/servicios\/","og_site_name":"TALLERES DE MANTENIMIENTO OSKAR, S.L.U.","article_modified_time":"2026-01-29T09:32:11+00:00","twitter_card":"summary_large_image","twitter_misc":{"Est. reading time":"2 minutua"},"schema":{"@context":"https:\/\/schema.org","@graph":[{"@type":"WebPage","@id":"https:\/\/talleresoskar.eu\/servicios\/","url":"https:\/\/talleresoskar.eu\/servicios\/","name":"Servicios - TALLERES DE MANTENIMIENTO OSKAR, S.L.U.","isPartOf":{"@id":"https:\/\/talleresoskar.eu\/#website"},"datePublished":"2026-01-26T14:57:49+00:00","dateModified":"2026-01-29T09:32:11+00:00","breadcrumb":{"@id":"https:\/\/talleresoskar.eu\/servicios\/#breadcrumb"},"inLanguage":"eu","potentialAction":[{"@type":"ReadAction","target":["https:\/\/talleresoskar.eu\/servicios\/"]}]},{"@type":"BreadcrumbList","@id":"https:\/\/talleresoskar.eu\/servicios\/#breadcrumb","itemListElement":[{"@type":"ListItem","position":1,"name":"Portada","item":"https:\/\/talleresoskar.eu\/"},{"@type":"ListItem","position":2,"name":"Servicios"}]},{"@type":"WebSite","@id":"https:\/\/talleresoskar.eu\/#website","url":"https:\/\/talleresoskar.eu\/","name":"TALLERES DE MANTENIMIENTO OSKAR, S.L.U.","description":"","publisher":{"@id":"https:\/\/talleresoskar.eu\/#organization"},"potentialAction":[{"@type":"SearchAction","target":{"@type":"EntryPoint","urlTemplate":"https:\/\/talleresoskar.eu\/?s={search_term_string}"},"query-input":{"@type":"PropertyValueSpecification","valueRequired":true,"valueName":"search_term_string"}}],"inLanguage":"eu"},{"@type":"Organization","@id":"https:\/\/talleresoskar.eu\/#organization","name":"TALLERES DE MANTENIMIENTO OSKAR, S.L.U.","url":"https:\/\/talleresoskar.eu\/","logo":{"@type":"ImageObject","inLanguage":"eu","@id":"https:\/\/talleresoskar.eu\/#\/schema\/logo\/image\/","url":"https:\/\/talleresoskar.eu\/wp-content\/uploads\/2026\/01\/cropped-1-e1769439793537.png","contentUrl":"https:\/\/talleresoskar.eu\/wp-content\/uploads\/2026\/01\/cropped-1-e1769439793537.png","width":500,"height":212,"caption":"TALLERES DE MANTENIMIENTO OSKAR, S.L.U."},"image":{"@id":"https:\/\/talleresoskar.eu\/#\/schema\/logo\/image\/"}}]}},"_links":{"self":[{"href":"https:\/\/talleresoskar.eu\/eu\/wp-json\/wp\/v2\/pages\/16","targetHints":{"allow":["GET"]}}],"collection":[{"href":"https:\/\/talleresoskar.eu\/eu\/wp-json\/wp\/v2\/pages"}],"about":[{"href":"https:\/\/talleresoskar.eu\/eu\/wp-json\/wp\/v2\/types\/page"}],"author":[{"embeddable":true,"href":"https:\/\/talleresoskar.eu\/eu\/wp-json\/wp\/v2\/users\/1"}],"replies":[{"embeddable":true,"href":"https:\/\/talleresoskar.eu\/eu\/wp-json\/wp\/v2\/comments?post=16"}],"version-history":[{"count":121,"href":"https:\/\/talleresoskar.eu\/eu\/wp-json\/wp\/v2\/pages\/16\/revisions"}],"predecessor-version":[{"id":485,"href":"https:\/\/talleresoskar.eu\/eu\/wp-json\/wp\/v2\/pages\/16\/revisions\/485"}],"wp:attachment":[{"href":"https:\/\/talleresoskar.eu\/eu\/wp-json\/wp\/v2\/media?parent=16"}],"curies":[{"name":"wp","href":"https:\/\/api.w.org\/{rel}","templated":true}]}}